{"id":2917,"date":"2024-02-21T20:02:35","date_gmt":"2024-02-21T19:02:35","guid":{"rendered":"https:\/\/kochschuleessen.de\/wp\/?page_id=2917"},"modified":"2024-02-21T20:23:12","modified_gmt":"2024-02-21T19:23:12","slug":"agb","status":"publish","type":"page","link":"https:\/\/kochschuleessen.de\/wp\/agb\/","title":{"rendered":"AGB"},"content":{"rendered":"\n<p><strong>Allgemeine Gesch\u00e4ftsbedingungen der Kochschule im Schloss Schellenberg GmbH, vertreten durch die Gesch\u00e4ftsf\u00fchrerin Sonja Beselin, Renteilichtung 1, 45134 Essen<\/strong><\/p>\n\n\n\n<p><strong>\u00a71 Allgemeine Bestimmungen<\/strong><\/p>\n\n\n\n<p>(1) &nbsp;Die nachfolgenden Allgemeinen Gesch\u00e4ftsbedingungen (nachfolgend \u201eAGB\u201c) sind g\u00fcltig f\u00fcr s\u00e4mtliche Veranstaltungen, die von der Kochschule im Schloss Schellenberg GmbH, vertreten durch die Gesch\u00e4ftsf\u00fchrerin Sonja Beselin, Renteilichtung 1, 45134 Essen (nachfolgend \u201eKochschule\u201c) durchgef\u00fchrt werden.<\/p>\n\n\n\n<p>(2) &nbsp;Diese AGB enthalten abschlie\u00dfend die zwischen der Kochschule und dem Teilnehmer bzw. Auftraggeber geltenden Bedingungen f\u00fcr die von der Kochschule im Rahmen dieses Vertragsverh\u00e4ltnisses angebotenen Leistungen. Von diesen AGB abweichende Regelungen gelten nur dann, wenn diese von der Kochschule schriftlich best\u00e4tigt werden. Mit Inanspruchnahme einer Leistung der Kochschule best\u00e4tigt der Teilnehmer bzw. Auftraggeber, diese AGB zur Kenntnis genommen und als Vertragsgrundlage akzeptiert zu haben. Soweit der Teilnehmer das 18. Lebensjahr noch nicht vollendet hat, hat der Sorgeberechtigte die AGB zur Kenntnis zu nehmen. In diesem Fall best\u00e4tigen der Teilnehmer sowie der Sorgeberechtigte, dass die AGB gemeinsam zur Kenntnis genommen und akzeptiert worden sind.<\/p>\n\n\n\n<p><strong>\u00a7 2 Vertragsgegenstand<\/strong><\/p>\n\n\n\n<p>(1) &nbsp;Gegenstand des Vertrags ist die Veranstaltung von offenen Kursen, Tastings und Events sowie die Durchf\u00fchrung von Firmenveranstaltungen und privaten Feiern. Die offenen Kurse, Tastings, Events, Firmenveranstaltungen und privaten Feiern werden im Folgenden \u2013 sofern nicht im Einzelfall nur einzelne davon aufgelistet sind \u2013 zusammenfassend als \u201eVeranstaltungen\u201c bezeichnet.<\/p>\n\n\n\n<p>(2) &nbsp;Die Leistungsverpflichtung der Kochschule ergibt sich ausschlie\u00dflich aus dem Inhalt der an den Teilnehmer oder Auftraggeber versandten Best\u00e4tigung in Verbindung mit der f\u00fcr den Zeitpunkt der Bestellung g\u00fcltigen Beschreibung, den Details und Erl\u00e4uterungen.<\/p>\n\n\n\n<p>(3) &nbsp;Nebenabreden, die den Leistungsinhalt erweitern, sind nur bei schriftlicher Best\u00e4tigung durch die Kochschule verbindlich.<\/p>\n\n\n\n<p>(4) &nbsp;Die Kochschule kann den Veranstaltungsort, das Durchf\u00fchrungsdatum sowie die Uhrzeiten der Veranstaltung nach Vertragsabschluss \u00e4ndern, sofern dies aus organisatorischen oder unvorhergesehenen Gr\u00fcnden notwendig und f\u00fcr die erfolgreiche Durchf\u00fchrung der Veranstaltung unerl\u00e4sslich ist. Der Teilnehmer bzw. Auftraggeber wird rechtzeitig \u00fcber derartige \u00c4nderungen informiert.<\/p>\n\n\n\n<p><strong>\u00a73 Vertragsschluss<\/strong><\/p>\n\n\n\n<p>(1) Die Angebote der Kochschule sind unverbindlich und stellen ein Angebot dar, das von der Verf\u00fcgbarkeit freier Pl\u00e4tze und Kapazit\u00e4ten abh\u00e4ngt.<\/p>\n\n\n\n<p>(2) Mit der Anmeldung erkl\u00e4rt der Teilnehmer verbindlich, an dem von ihm gebuchten offenen Kurs, Tasting oder Event teilnehmen zu wollen. Der Auftraggeber erkl\u00e4rt mit seiner Anmeldung verbindlich, die Kochschule mit der Durchf\u00fchrung der Firmenveranstaltung oder privaten Feier beauftragen zu wollen. Die Anmeldung zur Teilnahme an einer Veranstaltung bzw. die Beauftragung mit der Durchf\u00fchrung einer Veranstaltung kann schriftlich, in Textform oder \u00fcber die Buchungsplattform der Kochschule erfolgen. Telefonische Anmeldungen m\u00fcssen schriftlich oder in Textform nachgereicht werden.<\/p>\n\n\n\n<p>(3) Der Eingang einer Anmeldung oder einer Beauftragung (Terminbest\u00e4tigung) stellt keine unmittelbare Annahme des Vertrags dar. Der Vertrag kommt erst zustande, nachdem die Anmeldung oder Beauftragung (Terminbest\u00e4tigung) gepr\u00fcft wurde und wenn die gew\u00fcnschte Leistung zum gew\u00fcnschten Termin verf\u00fcgbar ist. Die Kochschule ist berechtigt, den Antrag in Form der Anmeldung oder Beauftragung (Terminbest\u00e4tigung) innerhalb von 7 Tagen nach Eingang durch Best\u00e4tigung der Anmeldung oder Beauftragung anzunehmen. Diese Best\u00e4tigung erfolgt schriftlich oder in Textform. Abweichende Regelungen bed\u00fcrfen einer ausdr\u00fccklichen schriftlichen Vereinbarung.<\/p>\n\n\n\n<p>(4) Der Teilnehmer bzw. der Auftraggeber ist verpflichtet, die ihm zugegangene Best\u00e4tigung unmittelbar auf \u00dcbereinstimmung mit den von ihm w\u00e4hrend der Anmeldung bzw. Beauftragung gemachten Angaben hin zu \u00fcberpr\u00fcfen. Abweichungen muss der Teilnehmer bzw. der Auftraggeber unverz\u00fcglich der Kochschule mitteilen.<\/p>\n\n\n\n<p>(5) Die Kochschule beh\u00e4lt sich das Recht vor, die Anmeldung oder Beauftragung schriftlich oder in Textform ohne Angabe von Gr\u00fcnden abzulehnen. Dies gilt insbesondere \u2013 aber nicht nur \u2013 in den F\u00e4llen, in denen sich f\u00fcr die betreffende Veranstaltung mehr Teilnehmer anmelden, als im Hinblick auf eine ordnungsgem\u00e4\u00dfe Durchf\u00fchrung der Veranstaltung teilnehmen k\u00f6nnen. Sofern die beantragte Veranstaltung schon ausgebucht ist, erfolgt die Absage zeitnah nach Eingang der Anmeldung. Lehnt die Kochschule die Anmeldung oder Beauftragung ab, besteht gegen die Kochschule kein Schadensersatzanspruch, gleich aus welchem Rechtsgrund.<\/p>\n\n\n\n<p>(6) Ebenso kann die Kochschule eine Veranstaltung absagen, wenn nicht ausreichend Anmeldungen vorliegen. Der angemeldete Teilnehmer oder Auftraggeber hat weder Anspruch auf Schadensersatz noch auf Ersatz f\u00fcr Urlaubstage, die f\u00fcr den Veranstaltungszeitraum genommen wurden. In einem solchen Fall wird die Kochschule innerhalb von 24 Monaten einen Ersatztermin anbieten.<\/p>\n\n\n\n<p><strong>\u00a7 4 Offene Kurse, Tastings und Events<\/strong><\/p>\n\n\n\n<p>Offene Kurse, Tastings und Events finden in den R\u00e4umlichkeiten der Kochschule in der Renteilichtung 1 in 45134 Essen statt. In der Regel k\u00f6nnen offene Kurse, Tastings und Events nur stattfinden, wenn die festgelegte Mindestteilnehmerzahl von 12 Teilnehmern erreicht wird. Falls diese Mindestteilnehmerzahl nicht erreicht wird, beh\u00e4lt sich die Kochschule das Recht vor, vom Vertrag zur\u00fcckzutreten. Dabei entstehen dem Teilnehmer keine Kosten. In einem solchen Fall besteht kein Anspruch auf Schadensersatz seitens des Teilnehmers gegen\u00fcber der Kochschule.<\/p>\n\n\n\n<p><strong>\u00a7 5 Firmenveranstaltungen und private Feiern<\/strong><\/p>\n\n\n\n<p>(1) Bei der Anmeldung f\u00fcr Firmenveranstaltungen oder private Feiern gibt der Auftraggeber die voraussichtliche Teilnehmerzahl f\u00fcr die Veranstaltung an. Diese Teilnehmerzahl wird in der Terminbest\u00e4tigung noch einmal wiedergegeben.<\/p>\n\n\n\n<p>(2) Der Auftraggeber ist verpflichtet, der Kochschule einen Monat bevor die Veranstaltung stattfindet, eine endg\u00fcltige Teilnehmerzahl mitzuteilen. Diese Teilnehmerzahl ist dann verbindlich.<\/p>\n\n\n\n<p>(3) Die Kochschule toleriert eine Abweichung der endg\u00fcltigen Teilnehmerzahl um maximal 10 %, sofern diese sp\u00e4testens sieben Tage vor Veranstaltungsbeginn mitgeteilt wird. F\u00fcr alle Teilnehmer, die dar\u00fcber hinaus trotz Zusage nicht an der Veranstaltung teilnehmen, muss der Auftraggeber dennoch zahlen.<\/p>\n\n\n\n<p>(4) Der Auftraggeber haftet f\u00fcr alle Verpflichtungen der von ihm angemeldeten Teilnehmer aus dem Vertrag und versichert, dass diese die erforderlichen Voraussetzungen zur Teilnahme an der Veranstaltung erf\u00fcllen.<\/p>\n\n\n\n<p><strong>\u00a7 6 Pflichten des Teilnehmers<\/strong><\/p>\n\n\n\n<p>(1) Jeder Teilnehmer ist verpflichtet, die folgenden Regeln der Hygiene einzuhalten: Bei Veranstaltungsbeginn und nach Toilettenbesuchen m\u00fcssen die H\u00e4nde gereinigt werden. Handschmuck darf nicht getragen werden. Alle Hinweise der Kursleitung zum hygienischen Umgang mit Lebensmitteln m\u00fcssen befolgt werden. Personen mit offenen, eitrig entz\u00fcndeten Wunden an den H\u00e4nden oder Unterarmen werden von der Teilnahme an der Veranstaltung ausgeschlossen. Das gleiche gilt f\u00fcr Personen, die Fieber, eine Erk\u00e4ltung mit Husten und\/oder Schnupfen oder Durchfall haben.<\/p>\n\n\n\n<p>(2) Der Teilnehmer verpflichtet sich, eventuelle vorhandene Allergien, gesundheitliche Einschr\u00e4nkungen, Krankheiten und \u00c4hnliches, was ihn oder andere Teilnehmer der Veranstaltung gef\u00e4hrden k\u00f6nnte, der Kochschule vor Beginn der Veranstaltung zu melden.<\/p>\n\n\n\n<p>(3) Die Kochschule kann einen Teilnehmer von der Veranstaltung ausschlie\u00dfen, wenn der Teilnehmer die Durchf\u00fchrung der Veranstaltung ungeachtet einer Abmahnung st\u00f6rt oder wenn er sich in solchem Ma\u00df vertragswidrig verh\u00e4lt, dass ein Ausschluss zum Schutze der anderen Teilnehmer und der Kochschule gerechtfertigt ist oder wenn der Teilnehmer eine Teilnahmevoraussetzung nicht erf\u00fcllt. Der Anspruch der Kochschule auf den gesamten Veranstaltungspreis bleibt in diesem Fall bestehen; die Kochschule muss sich aber den Wert ersparter Aufwendungen anrechnen lassen.<\/p>\n\n\n\n<p><strong>\u00a7 7 Kosten<\/strong><\/p>\n\n\n\n<p>(1) Die auf der Website angegebenen Preise enthalten die zum Zeitpunkt der Buchung in Deutschland geltende gesetzliche Umsatzsteuer (MwSt.). Die Umsatzsteuer wird auf jeder Rechnung gesondert ausgewiesen.<\/p>\n\n\n\n<p>(2) Verbindlich gilt bei offenen Kursen, Tastings und Events immer der im Buchungsformular angezeigte bzw. gedruckte Veranstaltungspreis. Bei allen anderen Veranstaltungen richtet sich die Veranstaltungsgeb\u00fchr nach dem jeweiligen Veranstaltungsmodell.<\/p>\n\n\n\n<p>(3) Das Entgelt f\u00fcr Firmenveranstaltungen und private Feiern wird gem\u00e4\u00df der schriftlich oder in Textform geschlossenen Vereinbarung zwischen den Parteien oder dem Angebot der Kochschule, welches ebenfalls schriftlich oder in Textform erfolgen kann, festgelegt und ist 14 Tage nach Rechnungseingang f\u00e4llig.<\/p>\n\n\n\n<p>(4) Bei offenen Kursen ist die Geb\u00fchr 14 Tage nach Eingang der Buchungsbest\u00e4tigung f\u00e4llig.<\/p>\n\n\n\n<p>(5) Aufgrund der detaillierten Kalkulation der Geb\u00fchren ist es nicht m\u00f6glich, eine teilweise Erstattung f\u00fcr nicht in Anspruch genommene Leistungen zu gew\u00e4hren.<\/p>\n\n\n\n<p>(6) Gutscheine haben eine G\u00fcltigkeit von drei Jahren nach Ausstellung. Eine Barauszahlung eines Gutscheines ist nicht m\u00f6glich.<\/p>\n\n\n\n<p><strong>\u00a7 8 Kursausfall aufgrund h\u00f6herer Gewalt<\/strong><\/p>\n\n\n\n<p>(1) Sollte die Veranstaltung aufgrund h\u00f6herer Gewalt, beh\u00f6rdlicher Ma\u00dfnahmen, \u00e4hnlicher zwingender Gr\u00fcnde (z.B. Lockdown-Ma\u00dfnahmen, Krankheitsausfall der Veranstaltungsleiter etc.) oder anderer Umst\u00e4nde, die von der Kochschule nicht zu vertreten sind, zum gebuchten Termin nicht stattfinden k\u00f6nnen, hat der Teilnehmer oder Auftraggeber keinerlei Anspruch auf Schadensersatz und auch kein R\u00fccktrittsrecht. Die Kochschule ist nicht verpflichtet, Ersatz f\u00fcr vom Teilnehmer f\u00fcr den Kurszeitraum genommene Urlaubstage oder Arbeitsausf\u00e4lle zu leisten.<\/p>\n\n\n\n<p>(2) Im Falle eines Kursausfalls aufgrund solcher Umst\u00e4nde wird die Kochschule den Teilnehmer oder Auftraggeber umgehend benachrichtigen. Es werden alternative Termine angeboten. Die Ersatztermine k\u00f6nnen entsprechend der Dauer des Ereignisses verschoben werden. Die Kochschule wird in solchen Situationen schnell handeln und ist berechtigt, die Gesamtleistung in rechtlich zul\u00e4ssigen Teilleistungen zu erbringen.<\/p>\n\n\n\n<p><strong>\u00a7 9 Umbuchung bei offenen Kursen, Tastings und Events<\/strong><\/p>\n\n\n\n<p>(1) Bis zu vier Wochen vor Veranstaltungsbeginn ist eine Umbuchung gegen eine Bearbeitungsgeb\u00fchr in H\u00f6he von 25,00 \u20ac pro Teilnehmer m\u00f6glich.<\/p>\n\n\n\n<p>(2) Bis zu zwei Wochen vor Veranstaltungsbeginn ist eine Umbuchung gegen eine Bearbeitungsgeb\u00fchr in H\u00f6he von 50,00 \u20ac pro Teilnehmer m\u00f6glich.<\/p>\n\n\n\n<p>(3) Ab zwei Wochen vor Veranstaltungsbeginn ist keine Umbuchung mehr m\u00f6glich.<\/p>\n\n\n\n<p>(4) Falls sich die Kurspreise seit der urspr\u00fcnglichen Buchung erh\u00f6ht haben, ist der Teilnehmer zus\u00e4tzlich zur Umbuchungsgeb\u00fchr verpflichtet, die entstandenen Mehrkosten zu tragen.<\/p>\n\n\n\n<p>(5) Die vorstehenden Abs\u00e4tze gelten nicht f\u00fcr die Buchung von Firmenveranstaltungen und privaten Feiern.<\/p>\n\n\n\n<p><strong>\u00a7 10 R\u00fccktritt des Auftraggebers bei Firmenveranstaltungen und privaten Feiern<\/strong><\/p>\n\n\n\n<p>(1) Bei Firmenveranstaltungen und privaten Feiern hat der Auftraggeber hat die M\u00f6glichkeit, vom Vertrag zur\u00fcckzutreten, indem er der Kochschule den R\u00fccktritt mitteilt. Ma\u00dfgeblich f\u00fcr die folgenden Regelungen ist jeweils das Eingangsdatum der R\u00fccktrittserkl\u00e4rung.<\/p>\n\n\n\n<p>(2) Wenn die R\u00fccktrittserkl\u00e4rung mehr als 30 Tage vor Veranstaltungsbeginn erfolgt, ist der Auftraggeber verpflichtet, 25 % des zu erwartenden Nettoumsatzes zu bezahlen.<\/p>\n\n\n\n<p>(3) Wenn die R\u00fccktrittserkl\u00e4rung mehr als sieben Tage vor Veranstaltungsbeginn erfolgt, ist der Auftraggeber verpflichtet, 50 % des zu erwartenden Nettoumsatzes zu bezahlen.<\/p>\n\n\n\n<p>(4) Wenn die R\u00fccktrittserkl\u00e4rung sieben Tage oder weniger vor Veranstaltungsbeginn erfolgt, ist der Auftraggeber verpflichtet, 100 % des zu erwartenden Nettoumsatzes zu bezahlen.<\/p>\n\n\n\n<p>(5) Die vorstehenden Abs\u00e4tze gelten nicht f\u00fcr die Buchung von offenen Kursen, Tastings und Events.<\/p>\n\n\n\n<p><strong>\u00a7 11 R\u00fccktritt des Teilnehmers bei offenen Kursen, Tastings und Events<\/strong><\/p>\n\n\n\n<p>(1) Der R\u00fccktritt oder die K\u00fcndigung durch den Teilnehmer eines offenen Kurses, Tastings oder Events ist ausgeschlossen. Etwas anderes gilt nur, falls der Grund in einer von der Kochschule zu vertretenden Pflichtverletzung gegen\u00fcber dem Teilnehmer besteht. Die gesetzlichen Bestimmungen f\u00fcr eine au\u00dferordentliche K\u00fcndigung bleiben hiervon unber\u00fchrt.<\/p>\n\n\n\n<p>(2) Falls ein Teilnehmer \u2013 gleich aus welchen Gr\u00fcnden \u2013, nicht an der gebuchten Veranstaltung teilnimmt, bleibt die vereinbarte Geb\u00fchr grunds\u00e4tzlich dennoch zahlungspflichtig. Es besteht kein Anspruch auf Freistellung oder R\u00fcckerstattung.<\/p>\n\n\n\n<p>(3) Es besteht grunds\u00e4tzlich die M\u00f6glichkeit, einen Ersatzteilnehmer zu benennen, wenn dieser die erforderlichen Teilnahmevoraussetzungen erf\u00fcllt. Der Teilnehmer muss der Kochschule den vollst\u00e4ndigen Namen des Ersatzteilnehmers vor Veranstaltungsbeginn mitteilen.<\/p>\n\n\n\n<p>(4) Die Kochschule empfiehlt grunds\u00e4tzlich den Abschluss einer Seminarr\u00fccktrittsversicherung bei einem externen Anbieter.<\/p>\n\n\n\n<p><strong>\u00a7 12 Haftungsausschluss<\/strong><\/p>\n\n\n\n<p>(1) Die Kochschule \u00fcbernimmt keinerlei Haftung f\u00fcr Sch\u00e4den, die durch andere Teilnehmer oder Dritte verursacht werden. In solchen F\u00e4llen stellt der Teilnehmer bzw. Auftraggeber die Kochschule von jeglichen Schadensersatzanspr\u00fcchen frei.<\/p>\n\n\n\n<p>(2) Die Kochschule haftet f\u00fcr alle schuldhaft verursachten Sch\u00e4den, auch die ihrer Vertreter oder Erf\u00fcllungsgehilfen, bei Vorsatz und grober Fahrl\u00e4ssigkeit uneingeschr\u00e4nkt. F\u00fcr einfache Fahrl\u00e4ssigkeit haftet die Kochschule jedoch nur bei der Verletzung vertragswesentlicher Pflichten. Die Haftung bei Verletzung einer solchen vertragswesentlichen Pflicht ist auf den vertragstypischen Schaden begrenzt, mit dessen Entstehen die Kochschule bei Vertragsabschluss aufgrund der zu diesem Zeitpunkt bekannten Umst\u00e4nde rechnen musste.<\/p>\n\n\n\n<p>(3) Die vorstehende Regelung ber\u00fchrt nicht die Haftung f\u00fcr Sch\u00e4den, die sich aus der Verletzung des Lebens, des K\u00f6rpers oder der Gesundheit ergeben. Hier haftet die Kochschule uneingeschr\u00e4nkt.<\/p>\n\n\n\n<p>(4) Die Kochschule \u00fcbernimmt keine Haftung f\u00fcr mitgebrachte Wertgegenst\u00e4nde und Garderobe der Kursteilnehmer.<\/p>\n\n\n\n<p><strong>\u00a7 13 Pers\u00f6nliche Daten und Datenverarbeitung<\/strong><\/p>\n\n\n\n<p>(1) Der Teilnehmer bzw. Auftraggeber erkl\u00e4rt sich damit einverstanden, dass alle bereitgestellten Anmeldedaten von der Kochschule zur Bearbeitung und Verwaltung gespeichert werden. Diese Daten werden ausschlie\u00dflich f\u00fcr die interne Verwaltung verwendet und d\u00fcrfen nur zu diesen Zwecken weitergegeben werden.<\/p>\n\n\n\n<p>(2) Die Kochschule ist berechtigt, im Rahmen der Veranstaltungen mit vorheriger Zustimmung des Teilnehmers bzw. Auftraggebers Bilder und\/oder Videos anzufertigen. Diese Aufnahmen k\u00f6nnen von der Kochschule r\u00e4umlich und zeitlich uneingeschr\u00e4nkt im In- und Ausland f\u00fcr publizistische Zwecke genutzt werden, und zwar in s\u00e4mtlichen Nutzungsformen. Das Foto- und Videomaterial kann beliebig oft gedruckt oder in digitalen Medien verwendet werden.<\/p>\n\n\n\n<p>(3) Die Nutzung umfasst insbesondere die Ver\u00f6ffentlichung in aktuellen und zuk\u00fcnftigen digitalen und gedruckten Medien sowie in sozialen Netzwerken (wie Facebook, Instagram, YouTube, Twitter usw.) und auf den Online-Pr\u00e4senzen der Kochschule. Dazu darf das gesamte Material gespeichert und bearbeitet werden. Die Fotos und\/oder Videos dienen nur der \u00d6ffentlichkeitsarbeit und Werbung der Kochschule.<\/p>\n\n\n\n<p>(4) Der Teilnehmer bzw. der Auftraggeber ist sich bewusst, dass Fotos und\/oder Videos, die im Internet ver\u00f6ffentlicht werden, von beliebigen Personen abgerufen werden k\u00f6nnen.<\/p>\n\n\n\n<p>(5) Die Einverst\u00e4ndniserkl\u00e4rung zur Anfertigung der Aufnahmen wird von der Kochschule vor dem Beginn der Veranstaltung eingeholt. Diese Einwilligung ist keine zwingende Voraussetzung f\u00fcr die Teilnahme an der Veranstaltung.<\/p>\n\n\n\n<p><strong>\u00a7 15 Schlussbestimmungen<\/strong><\/p>\n\n\n\n<p>(1) Es gilt das Recht der Bundesrepublik Deutschland unter Ausschluss des UN-Kaufrechts. F\u00fcr Kaufleute im Sinne des Handelsgesetzbuchs und juristische Personen des \u00f6ffentlichen Rechts ist Essen ausschlie\u00dflicher Gerichtsstand f\u00fcr alle Rechtsstreitigkeiten. Die Kochschule ist daneben berechtigt, auch am allgemeinen Gerichtsstand des Auftraggebers zu klagen.<\/p>\n\n\n\n<p>(2) Sollten einzelne Bestimmungen dieser AGB unwirksam sein oder werden und\/oder den gesetzlichen Regelungen widersprechen, so wird hierdurch die Wirksamkeit der AGB im \u00dcbrigen nicht ber\u00fchrt. Die unwirksame Bestimmung wird von den Vertragsparteien einvernehmlich durch eine solche Bestimmung ersetzt, welche dem wirtschaftlichen Zweck der unwirksamen Bestimmung in rechtswirksamer Weise am n\u00e4chsten kommt. Die vorstehende Regelung gilt entsprechend bei Regelungsl\u00fccken.<\/p>\n","protected":false},"excerpt":{"rendered":"<p>Allgemeine Gesch\u00e4ftsbedingungen der Kochschule im Schloss Schellenberg GmbH, vertreten durch die Gesch\u00e4ftsf\u00fchrerin Sonja Beselin, Renteilichtung 1, 45134 Essen \u00a71 Allgemeine Bestimmungen (1) &nbsp;Die nachfolgenden Allgemeinen Gesch\u00e4ftsbedingungen (nachfolgend \u201eAGB\u201c) sind g\u00fcltig f\u00fcr s\u00e4mtliche Veranstaltungen, die von der Kochschule im Schloss Schellenberg<\/p>\n","protected":false},"author":7,"featured_media":0,"parent":0,"menu_order":0,"comment_status":"closed","ping_status":"closed","template":"","meta":{"footnotes":""},"class_list":["post-2917","page","type-page","status-publish","hentry"],"_links":{"self":[{"href":"https:\/\/kochschuleessen.de\/wp\/wp-json\/wp\/v2\/pages\/2917","targetHints":{"allow":["GET"]}}],"collection":[{"href":"https:\/\/kochschuleessen.de\/wp\/wp-json\/wp\/v2\/pages"}],"about":[{"href":"https:\/\/kochschuleessen.de\/wp\/wp-json\/wp\/v2\/types\/page"}],"author":[{"embeddable":true,"href":"https:\/\/kochschuleessen.de\/wp\/wp-json\/wp\/v2\/users\/7"}],"replies":[{"embeddable":true,"href":"https:\/\/kochschuleessen.de\/wp\/wp-json\/wp\/v2\/comments?post=2917"}],"version-history":[{"count":5,"href":"https:\/\/kochschuleessen.de\/wp\/wp-json\/wp\/v2\/pages\/2917\/revisions"}],"predecessor-version":[{"id":2923,"href":"https:\/\/kochschuleessen.de\/wp\/wp-json\/wp\/v2\/pages\/2917\/revisions\/2923"}],"wp:attachment":[{"href":"https:\/\/kochschuleessen.de\/wp\/wp-json\/wp\/v2\/media?parent=2917"}],"curies":[{"name":"wp","href":"https:\/\/api.w.org\/{rel}","templated":true}]}}